{"id":2322,"date":"2023-01-19T09:50:42","date_gmt":"2023-01-19T09:50:42","guid":{"rendered":"https:\/\/diamondrocket.tv\/?page_id=2322"},"modified":"2023-01-26T10:12:37","modified_gmt":"2023-01-26T10:12:37","slug":"cookies-policy","status":"publish","type":"page","link":"https:\/\/diamondrocket.tv\/index.php\/cookies-policy\/","title":{"rendered":"Cookies Policy"},"content":{"rendered":"\t\t<div data-elementor-type=\"wp-page\" data-elementor-id=\"2322\" class=\"elementor elementor-2322\">\n\t\t\t\t\t\t<section class=\"elementor-section elementor-top-section elementor-element elementor-element-b0de2e0 elementor-section-boxed elementor-section-height-default elementor-section-height-default\" data-id=\"b0de2e0\" data-element_type=\"section\" data-e-type=\"section\">\n\t\t\t\t\t\t<div class=\"elementor-container elementor-column-gap-default\">\n\t\t\t\t\t<div class=\"elementor-column elementor-col-100 elementor-top-column elementor-element elementor-element-93c4428\" data-id=\"93c4428\" data-element_type=\"column\" data-e-type=\"column\">\n\t\t\t<div class=\"elementor-widget-wrap elementor-element-populated\">\n\t\t\t\t\t\t<div class=\"elementor-element elementor-element-1d31f7b elementor-widget elementor-widget-spacer\" data-id=\"1d31f7b\" data-element_type=\"widget\" data-e-type=\"widget\" data-widget_type=\"spacer.default\">\n\t\t\t\t<div class=\"elementor-widget-container\">\n\t\t\t\t\t\t\t<div class=\"elementor-spacer\">\n\t\t\t<div class=\"elementor-spacer-inner\"><\/div>\n\t\t<\/div>\n\t\t\t\t\t\t<\/div>\n\t\t\t\t<\/div>\n\t\t\t\t\t<\/div>\n\t\t<\/div>\n\t\t\t\t\t<\/div>\n\t\t<\/section>\n\t\t\t\t<section class=\"elementor-section elementor-top-section elementor-element elementor-element-634f97b elementor-hidden-mobile_extra elementor-hidden-mobile elementor-section-boxed elementor-section-height-default elementor-section-height-default\" data-id=\"634f97b\" data-element_type=\"section\" data-e-type=\"section\">\n\t\t\t\t\t\t<div class=\"elementor-container elementor-column-gap-default\">\n\t\t\t\t\t<div class=\"elementor-column elementor-col-100 elementor-top-column elementor-element elementor-element-dc12bdb\" data-id=\"dc12bdb\" data-element_type=\"column\" data-e-type=\"column\">\n\t\t\t<div class=\"elementor-widget-wrap elementor-element-populated\">\n\t\t\t\t\t\t<div class=\"elementor-element elementor-element-06f4956 elementor-widget elementor-widget-spacer\" data-id=\"06f4956\" data-element_type=\"widget\" data-e-type=\"widget\" data-widget_type=\"spacer.default\">\n\t\t\t\t<div class=\"elementor-widget-container\">\n\t\t\t\t\t\t\t<div class=\"elementor-spacer\">\n\t\t\t<div class=\"elementor-spacer-inner\"><\/div>\n\t\t<\/div>\n\t\t\t\t\t\t<\/div>\n\t\t\t\t<\/div>\n\t\t\t\t\t<\/div>\n\t\t<\/div>\n\t\t\t\t\t<\/div>\n\t\t<\/section>\n\t\t\t\t<section class=\"elementor-section elementor-top-section elementor-element elementor-element-918456e elementor-section-boxed elementor-section-height-default elementor-section-height-default\" data-id=\"918456e\" data-element_type=\"section\" data-e-type=\"section\">\n\t\t\t\t\t\t<div class=\"elementor-container elementor-column-gap-default\">\n\t\t\t\t\t<div class=\"elementor-column elementor-col-100 elementor-top-column elementor-element elementor-element-8b59d65\" data-id=\"8b59d65\" data-element_type=\"column\" data-e-type=\"column\">\n\t\t\t<div class=\"elementor-widget-wrap elementor-element-populated\">\n\t\t\t\t\t\t<div class=\"elementor-element elementor-element-b1962d6 elementor-widget elementor-widget-text-editor\" data-id=\"b1962d6\" data-element_type=\"widget\" data-e-type=\"widget\" data-widget_type=\"text-editor.default\">\n\t\t\t\t<div class=\"elementor-widget-container\">\n\t\t\t\t\t\t\t\t\t<div class=\"text-block\"><p><b>POL\u00cdTICA DE COOKIES\u00a0<\/b>www.diamondrocket.tv<b><br \/><\/b><\/p><p>En cumplimiento del art\u00edculo 10 de la Ley 34\/2002, de 11 de julio, de Servicios de la Sociedad de la Informaci\u00f3n y Comercio Electr\u00f3nico, a continuaci\u00f3n se exponen los datos identificativos del Titular:<\/p><table border=\"1\"><tbody><tr><td>Titular<\/td><td>LA JOYA PRODUCCIONES, S.L. (en adelante LA JOYA PRODUCCIONES)<\/td><\/tr><tr><td>Domicilio<\/td><td>CL DEL HIERRO, 33 3\u00ba NAVE 8 \u2013 28045 MADRID<\/td><\/tr><tr><td>C.I.F.<\/td><td>B86087715<\/td><\/tr><tr><td>Datos registrales<\/td><td>Inscrita en el Registro Mercantil de Madrid, Tomo 28587, Folio 100, Secci\u00f3n 8, Hoja M-514692, Inscripci\u00f3n 1<\/td><\/tr><tr><td>Tel\u00e9fono<\/td><td>+34 915272936<\/td><\/tr><tr><td>Correo electr\u00f3nico<\/td><td>recepcion@lajoyaproducciones.com<\/td><\/tr><\/tbody><\/table><p><b>LA JOYA PRODUCCIONES<\/b>\u00a0puede recopilar informaci\u00f3n sobre los h\u00e1bitos de b\u00fasqueda de los usuarios del sitio web por medio de cookies o archivos de registro. No se utilizar\u00e1n las cookies para recoger informaci\u00f3n de car\u00e1cter personal. Solamente se instalar\u00e1n si el Usuario permanece y contin\u00faa navegando en nuestra p\u00e1gina web, entendiendo que consiente su uso e instalaci\u00f3n. A continuaci\u00f3n proporcionamos informaci\u00f3n detallada sobre: qu\u00e9 son las \u201ccookies\u201d, qu\u00e9 tipolog\u00eda utiliza este sitio web, c\u00f3mo pueden desactivarlas en el navegador y c\u00f3mo bloquear espec\u00edficamente la instalaci\u00f3n de Cookies de terceros.<\/p><p><b>\u00bfQu\u00e9 son las cookies?<\/b><\/p><p>Las cookies son peque\u00f1os archivos de texto generados por las p\u00e1ginas web que el Usuario visita, las cuales contienen los datos de sesi\u00f3n que pueden ser de utilidad m\u00e1s adelante en la p\u00e1gina web. Los datos permiten que la p\u00e1gina web pueda mantener su informaci\u00f3n entre las p\u00e1ginas, y tambi\u00e9n para analizar la forma de interactuar con el sitio.<\/p><p>Las cookies son seguras ya que s\u00f3lo pueden almacenar la informaci\u00f3n que se puso en su lugar por el navegador, la informaci\u00f3n que el Usuario hubiera introducido en el navegador o la que se incluye en la solicitud de p\u00e1gina. No pueden ejecutar c\u00f3digo y no se pueden utilizar para acceder al equipo del Usuario.<\/p><p>Las cookies son esenciales para el funcionamiento de Internet, aportando innumerables ventajas en la prestaci\u00f3n de servicios interactivos, facilitando la navegaci\u00f3n y usabilidad de las p\u00e1ginas web. Las cookies no pueden da\u00f1ar los equipos y que est\u00e9n activadas ayuda a identificar y resolver los errores.<\/p><p><b>Tipos de cookies<\/b><\/p><p>A continuaci\u00f3n, proporcionamos m\u00e1s informaci\u00f3n para que se entiendan mejor los diferentes tipos de cookies que pueden ser utilizados:<\/p><p>\u2013\u00a0<b>Cookies de sesi\u00f3n<\/b>: son cookies temporales que permanecen en el archivo de cookies del navegador hasta que se abandona la p\u00e1gina web, por lo que ninguna queda registrada en el disco duro del usuario. La informaci\u00f3n obtenida por medio de estas cookies sirve para analizar pautas de tr\u00e1fico en la web. A la larga, esto permite proporcionar una mejor experiencia para mejorar el contenido y facilitar su uso.<br \/>\u2013\u00a0<b>Cookies permanentes<\/b>: son almacenadas en el disco duro y la p\u00e1gina web las lee cada vez que se realiza una nueva visita. A pesar de su nombre, una web permanente posee una fecha de expiraci\u00f3n determinada. La cookie dejar\u00e1 de funcionar despu\u00e9s de esa fecha. Se utilizan, generalmente, para facilitar los diferentes servicios que ofrecen las p\u00e1ginas web.<\/p><p>A continuaci\u00f3n, publicamos una relaci\u00f3n de las principales cookies utilizadas en nuestras webs, distinguiendo:<\/p><p>\u2013 Las\u00a0<b>cookies estrictamente necesarias<\/b>\u00a0como, por ejemplo, aquellas que sirven para una correcta navegaci\u00f3n o cookies que sirven para asegurar que el contenido de la p\u00e1gina web se carga eficazmente.<br \/>\u2013 Las\u00a0<b>cookies de terceros<\/b>\u00a0como, por ejemplo, las usadas por redes sociales, o por complementos externos de contenido.<br \/>\u2013 Las\u00a0<b>cookies anal\u00edticas<\/b>\u00a0con prop\u00f3sitos de mantenimiento peri\u00f3dico y, en aras de garantizar el mejor servicio posible al usuario, con las que los sitios webs recopilan datos estad\u00edsticos de la actividad.<\/p><p><b>Relaci\u00f3n y descripci\u00f3n de \u00abcookies\u00bb<\/b><\/p><p>La tabla que publicamos a continuaci\u00f3n recoge de forma esquematizada las cookies anteriormente descritas y utilizadas en nuestra p\u00e1gina web:<\/p><table border=\"1\"><tbody><tr><td>Fuente<\/td><td>Nombre<\/td><td id=\"\" dir=\"\" lang=\"\" scope=\"\" align=\"\" valign=\"\">Duraci\u00f3n<\/td><td>Proposito<\/td><td>M\u00e1s informaci\u00f3n<\/td><\/tr><tr><td><b>Google Analytics<\/b><\/td><td><p>_utma<\/p><p>_utmb<\/p><p>_utmc<\/p><p>_utmt<\/p><p>_utmz<\/p><\/td><td><p>2 a\u00f1os<\/p><p>30 minutos<\/p><p>Sesi\u00f3n<\/p><p>Sesi\u00f3n<\/p><p>6 meses<\/p><\/td><td>Seguimiento de las visitas realizadas mediante Google Analytics, servicios proporcionado por Google para obtener informaci\u00f3n de los accesos de los usuarios a las p\u00e1ginas web. Los datos son recopilados para posteriores an\u00e1lisis y se refieren a n\u00famero de veces que un usuario ha visitado el sitio, fechas de la primera y \u00faltima visita, duraci\u00f3n de las visitas, p\u00e1gina desde la que se ha accedido, motor de b\u00fasqueda utilizado, lugar del mundo desde el que se accede, etc.<\/td><td><p><a href=\"http:\/\/tools.google.com\/dlpage\/gaoptout?hl=es\" target=\"_blank\" rel=\"noopener\">Complemento de inhabilitaci\u00f3n de Google Analytics<\/a><\/p><p><a href=\"http:\/\/www.google.com\/intl\/es\/policies\/privacy\/\" target=\"_blank\" rel=\"noopener\">Pol\u00edtica de privacidad de Google<\/a><\/p><\/td><\/tr><\/tbody><\/table><p><b>Gesti\u00f3n de cookies: Garant\u00edas complementarias.<\/b><\/p><p>Todos los navegadores de Internet permiten limitar el comportamiento de una cookie o desactivar las cookies dentro de la configuraci\u00f3n o las opciones del navegador. Los pasos para hacerlo son diferentes para cada navegador, pudi\u00e9ndose encontrar instrucciones en el men\u00fa de ayuda de cada navegador.<br \/>Muchos navegadores permiten activar un modo privado mediante el cual las cookies se borran siempre despu\u00e9s de la visita. Dependiendo de cada navegador este modo privado, puede tener diferentes nombres. A continuaci\u00f3n se puede encontrar una lista de los navegadores m\u00e1s comunes con un enlace a la configuraci\u00f3n de cookies y los diferentes nombres de este \u201cmodo privado\u201d:<\/p><p>\u2013\u00a0<a href=\"https:\/\/support.google.com\/accounts\/answer\/61416?hl=es\" target=\"_blank\" rel=\"noopener\">Google Chrome<\/a><br \/>\u2013\u00a0<a href=\"http:\/\/support.mozilla.org\/es\/kb\/habilitar-y-deshabilitar-cookies-que-los-sitios-we\" target=\"_blank\" rel=\"noopener\">Mozilla Firefox<\/a><br \/>\u2013\u00a0<a href=\"http:\/\/windows.microsoft.com\/es-es\/windows-vista\/block-or-allow-cookies\" target=\"_blank\" rel=\"noopener\">Internet Explorer<\/a><br \/>\u2013\u00a0<a href=\"http:\/\/support.apple.com\/kb\/PH17191?viewlocale=es_ES&amp;locale=en_US\" target=\"_blank\" rel=\"noopener\">Safari<\/a><br \/>\u2013\u00a0<a href=\"http:\/\/support.apple.com\/kb\/HT1677?viewlocale=es_ES\" target=\"_blank\" rel=\"noopener\">Safari para IOS (iPhone y iPad)<\/a><br \/>\u2013\u00a0<a href=\"http:\/\/support.google.com\/chrome\/answer\/2392971?hl=es\" target=\"_blank\" rel=\"noopener\">Chrome para Android<\/a><\/p><\/div>\t\t\t\t\t\t\t\t<\/div>\n\t\t\t\t<\/div>\n\t\t\t\t\t<\/div>\n\t\t<\/div>\n\t\t\t\t\t<\/div>\n\t\t<\/section>\n\t\t\t\t<\/div>\n\t\t","protected":false},"excerpt":{"rendered":"<p>POL\u00cdTICA DE COOKIES\u00a0www.diamondrocket.tv En cumplimiento del art\u00edculo 10 de la Ley 34\/2002, de 11 de julio, de Servicios de la Sociedad de la Informaci\u00f3n y Comercio Electr\u00f3nico, a continuaci\u00f3n se exponen los datos identificativos del Titular: Titular LA JOYA PRODUCCIONES, S.L. (en adelante LA JOYA PRODUCCIONES) Domicilio CL DEL HIERRO, 33 3\u00ba NAVE 8 \u2013 [&hellip;]<\/p>\n","protected":false},"author":1,"featured_media":0,"parent":0,"menu_order":0,"comment_status":"closed","ping_status":"closed","template":"","meta":{"footnotes":""},"class_list":["post-2322","page","type-page","status-publish","hentry"],"yoast_head":"<!-- This site is optimized with the Yoast SEO plugin v27.6 - https:\/\/yoast.com\/product\/yoast-seo-wordpress\/ -->\n<title>Cookies Policy - Diamond Rocket<\/title>\n<meta name=\"robots\" content=\"index, follow, max-snippet:-1, max-image-preview:large, max-video-preview:-1\" \/>\n<link rel=\"canonical\" href=\"https:\/\/diamondrocket.tv\/index.php\/cookies-policy\/\" \/>\n<meta property=\"og:locale\" content=\"en_GB\" \/>\n<meta property=\"og:type\" content=\"article\" \/>\n<meta property=\"og:title\" content=\"Cookies Policy - Diamond Rocket\" \/>\n<meta property=\"og:description\" content=\"POL\u00cdTICA DE COOKIES\u00a0www.diamondrocket.tv En cumplimiento del art\u00edculo 10 de la Ley 34\/2002, de 11 de julio, de Servicios de la Sociedad de la Informaci\u00f3n y Comercio Electr\u00f3nico, a continuaci\u00f3n se exponen los datos identificativos del Titular: Titular LA JOYA PRODUCCIONES, S.L. (en adelante LA JOYA PRODUCCIONES) Domicilio CL DEL HIERRO, 33 3\u00ba NAVE 8 \u2013 [&hellip;]\" \/>\n<meta property=\"og:url\" content=\"https:\/\/diamondrocket.tv\/index.php\/cookies-policy\/\" \/>\n<meta property=\"og:site_name\" content=\"Diamond Rocket\" \/>\n<meta property=\"article:modified_time\" content=\"2023-01-26T10:12:37+00:00\" \/>\n<meta name=\"twitter:card\" content=\"summary_large_image\" \/>\n<meta name=\"twitter:label1\" content=\"Estimated reading time\" \/>\n\t<meta name=\"twitter:data1\" content=\"4 minutes\" \/>\n<script type=\"application\/ld+json\" class=\"yoast-schema-graph\">{\"@context\":\"https:\\\/\\\/schema.org\",\"@graph\":[{\"@type\":\"WebPage\",\"@id\":\"https:\\\/\\\/diamondrocket.tv\\\/index.php\\\/cookies-policy\\\/\",\"url\":\"https:\\\/\\\/diamondrocket.tv\\\/index.php\\\/cookies-policy\\\/\",\"name\":\"Cookies Policy - Diamond Rocket\",\"isPartOf\":{\"@id\":\"https:\\\/\\\/diamondrocket.tv\\\/#website\"},\"datePublished\":\"2023-01-19T09:50:42+00:00\",\"dateModified\":\"2023-01-26T10:12:37+00:00\",\"breadcrumb\":{\"@id\":\"https:\\\/\\\/diamondrocket.tv\\\/index.php\\\/cookies-policy\\\/#breadcrumb\"},\"inLanguage\":\"en-GB\",\"potentialAction\":[{\"@type\":\"ReadAction\",\"target\":[\"https:\\\/\\\/diamondrocket.tv\\\/index.php\\\/cookies-policy\\\/\"]}]},{\"@type\":\"BreadcrumbList\",\"@id\":\"https:\\\/\\\/diamondrocket.tv\\\/index.php\\\/cookies-policy\\\/#breadcrumb\",\"itemListElement\":[{\"@type\":\"ListItem\",\"position\":1,\"name\":\"Home\",\"item\":\"https:\\\/\\\/diamondrocket.tv\\\/\"},{\"@type\":\"ListItem\",\"position\":2,\"name\":\"Cookies Policy\"}]},{\"@type\":\"WebSite\",\"@id\":\"https:\\\/\\\/diamondrocket.tv\\\/#website\",\"url\":\"https:\\\/\\\/diamondrocket.tv\\\/\",\"name\":\"Diamond Rocket\",\"description\":\"Production Services in Spain\",\"potentialAction\":[{\"@type\":\"SearchAction\",\"target\":{\"@type\":\"EntryPoint\",\"urlTemplate\":\"https:\\\/\\\/diamondrocket.tv\\\/?s={search_term_string}\"},\"query-input\":{\"@type\":\"PropertyValueSpecification\",\"valueRequired\":true,\"valueName\":\"search_term_string\"}}],\"inLanguage\":\"en-GB\"}]}<\/script>\n<!-- \/ Yoast SEO plugin. -->","yoast_head_json":{"title":"Cookies Policy - Diamond Rocket","robots":{"index":"index","follow":"follow","max-snippet":"max-snippet:-1","max-image-preview":"max-image-preview:large","max-video-preview":"max-video-preview:-1"},"canonical":"https:\/\/diamondrocket.tv\/index.php\/cookies-policy\/","og_locale":"en_GB","og_type":"article","og_title":"Cookies Policy - Diamond Rocket","og_description":"POL\u00cdTICA DE COOKIES\u00a0www.diamondrocket.tv En cumplimiento del art\u00edculo 10 de la Ley 34\/2002, de 11 de julio, de Servicios de la Sociedad de la Informaci\u00f3n y Comercio Electr\u00f3nico, a continuaci\u00f3n se exponen los datos identificativos del Titular: Titular LA JOYA PRODUCCIONES, S.L. (en adelante LA JOYA PRODUCCIONES) Domicilio CL DEL HIERRO, 33 3\u00ba NAVE 8 \u2013 [&hellip;]","og_url":"https:\/\/diamondrocket.tv\/index.php\/cookies-policy\/","og_site_name":"Diamond Rocket","article_modified_time":"2023-01-26T10:12:37+00:00","twitter_card":"summary_large_image","twitter_misc":{"Estimated reading time":"4 minutes"},"schema":{"@context":"https:\/\/schema.org","@graph":[{"@type":"WebPage","@id":"https:\/\/diamondrocket.tv\/index.php\/cookies-policy\/","url":"https:\/\/diamondrocket.tv\/index.php\/cookies-policy\/","name":"Cookies Policy - Diamond Rocket","isPartOf":{"@id":"https:\/\/diamondrocket.tv\/#website"},"datePublished":"2023-01-19T09:50:42+00:00","dateModified":"2023-01-26T10:12:37+00:00","breadcrumb":{"@id":"https:\/\/diamondrocket.tv\/index.php\/cookies-policy\/#breadcrumb"},"inLanguage":"en-GB","potentialAction":[{"@type":"ReadAction","target":["https:\/\/diamondrocket.tv\/index.php\/cookies-policy\/"]}]},{"@type":"BreadcrumbList","@id":"https:\/\/diamondrocket.tv\/index.php\/cookies-policy\/#breadcrumb","itemListElement":[{"@type":"ListItem","position":1,"name":"Home","item":"https:\/\/diamondrocket.tv\/"},{"@type":"ListItem","position":2,"name":"Cookies Policy"}]},{"@type":"WebSite","@id":"https:\/\/diamondrocket.tv\/#website","url":"https:\/\/diamondrocket.tv\/","name":"Diamond Rocket","description":"Production Services in Spain","potentialAction":[{"@type":"SearchAction","target":{"@type":"EntryPoint","urlTemplate":"https:\/\/diamondrocket.tv\/?s={search_term_string}"},"query-input":{"@type":"PropertyValueSpecification","valueRequired":true,"valueName":"search_term_string"}}],"inLanguage":"en-GB"}]}},"_links":{"self":[{"href":"https:\/\/diamondrocket.tv\/index.php\/wp-json\/wp\/v2\/pages\/2322","targetHints":{"allow":["GET"]}}],"collection":[{"href":"https:\/\/diamondrocket.tv\/index.php\/wp-json\/wp\/v2\/pages"}],"about":[{"href":"https:\/\/diamondrocket.tv\/index.php\/wp-json\/wp\/v2\/types\/page"}],"author":[{"embeddable":true,"href":"https:\/\/diamondrocket.tv\/index.php\/wp-json\/wp\/v2\/users\/1"}],"replies":[{"embeddable":true,"href":"https:\/\/diamondrocket.tv\/index.php\/wp-json\/wp\/v2\/comments?post=2322"}],"version-history":[{"count":19,"href":"https:\/\/diamondrocket.tv\/index.php\/wp-json\/wp\/v2\/pages\/2322\/revisions"}],"predecessor-version":[{"id":4187,"href":"https:\/\/diamondrocket.tv\/index.php\/wp-json\/wp\/v2\/pages\/2322\/revisions\/4187"}],"wp:attachment":[{"href":"https:\/\/diamondrocket.tv\/index.php\/wp-json\/wp\/v2\/media?parent=2322"}],"curies":[{"name":"wp","href":"https:\/\/api.w.org\/{rel}","templated":true}]}}